{"id":3492,"date":"2020-10-26T13:43:53","date_gmt":"2020-10-26T12:43:53","guid":{"rendered":"http:\/\/adrianofelgueiras.com\/?page_id=3492"},"modified":"2020-10-26T17:47:03","modified_gmt":"2020-10-26T16:47:03","slug":"qui-sommes-nous","status":"publish","type":"page","link":"https:\/\/adrianofelgueiras.com\/fr\/qui-sommes-nous\/","title":{"rendered":"Qui Sommes-nous?"},"content":{"rendered":"<h2 class=\"apresentacao-desc\">Adriano Felgueiras &#8211; Soci\u00e9t\u00e9 de Construction, SARL,<\/h2>\n<p>est une entreprise qui intervient sur le secteur du B\u00e2timent et Travaux Publics depuis 1997.<\/p>\n<p>\u00c0 partir d&rsquo;une structure familiale et d&rsquo;une base de pr\u00e9sence locale, Adriano Felgueiras &#8211; Soci\u00e9t\u00e9 de Construction, SARL a particuli\u00e8rement men\u00e9 au cours de la derni\u00e8re d\u00e9cennie, une croissance r\u00e9guli\u00e8re et soutenue qui lui a permis de se positionner comme une entreprise d\u2019envergure nationale et internationale tout en r\u00e9pondant aux d\u00e9fis croissants du march\u00e9.<\/p>\n<p>L&rsquo;exp\u00e9rience acquise dans la concr\u00e9tisation des projets les plus complexes sur l\u2019ensemble des secteurs publics et priv\u00e9s, a permis \u00e0 l&rsquo;entreprise d&rsquo;\u00e9voluer de mani\u00e8re soutenue, en d\u00e9montrant sa capacit\u00e9 d&rsquo;ex\u00e9cution et sa ma\u00eetrise technique dans les d\u00e9fis les plus exigeants.<\/p>\n<p>Au fil des ann\u00e9es, l&rsquo;entreprise a acquis une exp\u00e9rience reconnue ainsi que son savoir-faire dans la r\u00e9alisation des plus grands projets de construction d\u2019\u00c9difice, d\u2019ouvrages d\u2019Art, des Voies de Communications et les ouvrages Hydrauliques.<\/p>\n<p>En 2007, l&rsquo;entreprise s&rsquo;est implant\u00e9e sur diff\u00e9rents march\u00e9s internationaux comme l\u2019Espagne, France, Belgique et Br\u00e9sil.<\/p>\n<p>Le march\u00e9 br\u00e9silien a \u00e9t\u00e9 le dernier pari de la soci\u00e9t\u00e9, o\u00f9, en 2013, a \u00e9t\u00e9 cr\u00e9\u00e9 une nouvelle d\u00e9l\u00e9gation \u00e0 Rio de Janeiro pour r\u00e9pondre aux demandes du march\u00e9, dans le cadre de son internationalisation.<\/p>\n<p>En 2009, Adriano Felgueiras &#8211; Soci\u00e9t\u00e9 de Construction, SARL, obtient le Syst\u00e8me de Gestion de Qualit\u00e9 et son certificat de conformit\u00e9, d\u00e9livr\u00e9 par l&rsquo;EIC et l&rsquo;AFAQ &#8211; Service Internationaux de Certification (France).<\/p>\n<p>Au cours des ann\u00e9es de son activit\u00e9, la soci\u00e9t\u00e9 a suivi une mission avec r\u00e8gles fondamentales : <\/p>\n<blockquote><p>\u00ab\u00a0travailler avec qualit\u00e9 et dans le respect des d\u00e9lais convenus, en visant la confiance et la satisfaction du client\u00a0\u00bb<\/p><\/blockquote>\n<p>.<\/p>\n","protected":false},"excerpt":{"rendered":"<p>Adriano Felgueiras &#8211; Soci\u00e9t\u00e9 de Construction, SARL, est une entreprise qui intervient sur le secteur du B\u00e2timent et Travaux Publics depuis 1997. \u00c0 partir d&rsquo;une [&hellip;]<\/p>\n","protected":false},"author":1,"featured_media":3087,"parent":0,"menu_order":0,"comment_status":"closed","ping_status":"closed","template":"template-apresentacao.php","meta":{"footnotes":""},"class_list":["post-3492","page","type-page","status-publish","has-post-thumbnail","hentry"],"_links":{"self":[{"href":"https:\/\/adrianofelgueiras.com\/fr\/wp-json\/wp\/v2\/pages\/3492","targetHints":{"allow":["GET"]}}],"collection":[{"href":"https:\/\/adrianofelgueiras.com\/fr\/wp-json\/wp\/v2\/pages"}],"about":[{"href":"https:\/\/adrianofelgueiras.com\/fr\/wp-json\/wp\/v2\/types\/page"}],"author":[{"embeddable":true,"href":"https:\/\/adrianofelgueiras.com\/fr\/wp-json\/wp\/v2\/users\/1"}],"replies":[{"embeddable":true,"href":"https:\/\/adrianofelgueiras.com\/fr\/wp-json\/wp\/v2\/comments?post=3492"}],"version-history":[{"count":4,"href":"https:\/\/adrianofelgueiras.com\/fr\/wp-json\/wp\/v2\/pages\/3492\/revisions"}],"predecessor-version":[{"id":3551,"href":"https:\/\/adrianofelgueiras.com\/fr\/wp-json\/wp\/v2\/pages\/3492\/revisions\/3551"}],"wp:featuredmedia":[{"embeddable":true,"href":"https:\/\/adrianofelgueiras.com\/fr\/wp-json\/wp\/v2\/media\/3087"}],"wp:attachment":[{"href":"https:\/\/adrianofelgueiras.com\/fr\/wp-json\/wp\/v2\/media?parent=3492"}],"curies":[{"name":"wp","href":"https:\/\/api.w.org\/{rel}","templated":true}]}}