{"id":3497,"date":"2018-08-03T17:14:18","date_gmt":"2018-08-03T17:14:18","guid":{"rendered":"http:\/\/adrianofelgueiras.com\/qualidade\/"},"modified":"2020-10-26T13:48:22","modified_gmt":"2020-10-26T12:48:22","slug":"qualite","status":"publish","type":"page","link":"https:\/\/adrianofelgueiras.com\/fr\/qualite\/","title":{"rendered":"Qualit\u00e9"},"content":{"rendered":"<h2><strong>GESTION DE LA QUALIT\u00c9<\/strong><\/h2>\n<p>En 2009, ADRIANO FELGUEIRAS \u2013 SOCI\u00c9T\u00c9 DE CONSTRUCTION, SARL, a obtenu un syst\u00e8me de Gestion de Qualit\u00e9 et son certificat de conformit\u00e9, d\u00e9livr\u00e9 par l\u2019EIC et l\u2019AFAQ \u2013 Services Internationaux de Certification (France), r\u00e9gis par ces param\u00e8tres.<\/p>\n<p>&nbsp;<\/p>\n<h3><strong>Responsabilit\u00e9 et garantie<\/strong><\/h3>\n<ul>\n<li>L&rsquo;appr\u00e9ciation croissante de la qualit\u00e9 des travaux de construction;<\/li>\n<li>L&rsquo;encouragement \u00e0 l&rsquo;innovation, le d\u00e9veloppement technologique et la gestion;<\/li>\n<li>Les bonnes pratiques, la rapidit\u00e9 et la s\u00e9curit\u00e9 dans l&rsquo;ex\u00e9cution;<\/li>\n<li>La recherche de nouvelles opportunit\u00e9s commerciales et la coop\u00e9ration les entreprises;<\/li>\n<li>Favoriser une r\u00e9duction continue des co\u00fbts, sans compromettre la qualit\u00e9, la productivit\u00e9 et l&rsquo;efficacit\u00e9;<\/li>\n<li>Le maintien d&rsquo;une activit\u00e9 \u00e9conomiquement viabl ;<\/li>\n<li>Promouvoir syst\u00e9matiquement l&rsquo;analyse des solutions techniques et \u00e9conomiques, avec objectivit\u00e9 et rigueur.<\/li>\n<\/ul>\n<p>&nbsp;<\/p>\n<h3><strong>Politique int\u00e9gr\u00e9e de qualit\u00e9 et de s\u00e9curit\u00e9<\/strong><\/h3>\n<ul>\n<li>Assurer la satisfaction clients en r\u00e9pondant aux attentes et besoins dans la mesure du possible;<\/li>\n<li>Respecter et appliquer l\u2019ensemble des lois, r\u00e8glements et autres exigences adapt\u00e9s aux activit\u00e9s d\u2019organisation, ainsi que la s\u00e9curit\u00e9 et la sant\u00e9 au travail;<\/li>\n<li>Planifier en temps utile pour assurer le respect des d\u00e9lais convenus;<\/li>\n<li>Assurer la qualit\u00e9 de l&rsquo;organisation, en faisant bien du premier coup;<\/li>\n<li>Bien g\u00e9rer les moyens afin de r\u00e9duire les co\u00fbts et d&rsquo;accro\u00eetre l&rsquo;efficacit\u00e9;<\/li>\n<li>Valoriser le travail d&rsquo;\u00e9quipe;<\/li>\n<li>Valoriser la formation.<\/li>\n<\/ul>\n","protected":false},"excerpt":{"rendered":"<p>GESTION DE LA QUALIT\u00c9 En 2009, ADRIANO FELGUEIRAS \u2013 SOCI\u00c9T\u00c9 DE CONSTRUCTION, SARL, a obtenu un syst\u00e8me de Gestion de Qualit\u00e9 et son certificat de [&hellip;]<\/p>\n","protected":false},"author":1,"featured_media":3056,"parent":0,"menu_order":0,"comment_status":"closed","ping_status":"closed","template":"","meta":{"footnotes":""},"class_list":["post-3497","page","type-page","status-publish","has-post-thumbnail","hentry"],"_links":{"self":[{"href":"https:\/\/adrianofelgueiras.com\/fr\/wp-json\/wp\/v2\/pages\/3497","targetHints":{"allow":["GET"]}}],"collection":[{"href":"https:\/\/adrianofelgueiras.com\/fr\/wp-json\/wp\/v2\/pages"}],"about":[{"href":"https:\/\/adrianofelgueiras.com\/fr\/wp-json\/wp\/v2\/types\/page"}],"author":[{"embeddable":true,"href":"https:\/\/adrianofelgueiras.com\/fr\/wp-json\/wp\/v2\/users\/1"}],"replies":[{"embeddable":true,"href":"https:\/\/adrianofelgueiras.com\/fr\/wp-json\/wp\/v2\/comments?post=3497"}],"version-history":[{"count":2,"href":"https:\/\/adrianofelgueiras.com\/fr\/wp-json\/wp\/v2\/pages\/3497\/revisions"}],"predecessor-version":[{"id":3499,"href":"https:\/\/adrianofelgueiras.com\/fr\/wp-json\/wp\/v2\/pages\/3497\/revisions\/3499"}],"wp:featuredmedia":[{"embeddable":true,"href":"https:\/\/adrianofelgueiras.com\/fr\/wp-json\/wp\/v2\/media\/3056"}],"wp:attachment":[{"href":"https:\/\/adrianofelgueiras.com\/fr\/wp-json\/wp\/v2\/media?parent=3497"}],"curies":[{"name":"wp","href":"https:\/\/api.w.org\/{rel}","templated":true}]}}