{"id":3508,"date":"2020-09-29T12:44:55","date_gmt":"2020-09-29T11:44:55","guid":{"rendered":"http:\/\/adrianofelgueiras.com\/?page_id=3508"},"modified":"2023-11-22T13:14:53","modified_gmt":"2023-11-22T12:14:53","slug":"gestion-de-qualite","status":"publish","type":"page","link":"https:\/\/adrianofelgueiras.com\/fr\/qualite\/gestion-de-qualite\/","title":{"rendered":"Gestion de qualit\u00e9"},"content":{"rendered":"<h2>Le Syst\u00e8me de qualit\u00e9 d&rsquo;Adriano Felgueiras !<\/h2>\n<p>Travaillant depuis plusieurs ann\u00e9es dans le secteur, Adriano Felgueiras a d\u00e9cid\u00e9, en 1997, de franchir une \u00e9tape importante dans sa carri\u00e8re professionnelle et de cr\u00e9er sa propre entreprise, en s&rsquo;associant avec son \u00e9pouse, Paula Felgueiras.<\/p>\n<p>Ainsi est n\u00e9 Adriano Felgueiras &#8211; Sociedade de Constru\u00e7\u00f5es, Lda, une entreprise de B\u00e2timent et de Travaux Publics dont l&rsquo;activit\u00e9 principale est ax\u00e9e sur la r\u00e9alisation de structures en b\u00e9ton arm\u00e9 (coffrage, fer et b\u00e9ton).<br \/>\nNotre syst\u00e8me de qualit\u00e9 comprend:<\/p>\n<ul>\n<li>L\u2019ex\u00e9cution de structures et d&rsquo;\u00e9l\u00e9ments en b\u00e9ton;<\/li>\n<li>L\u2019ex\u00e9cution de structures en b\u00e9ton arm\u00e9;<\/li>\n<li>L\u2019assemblage des coffrages;<\/li>\n<\/ul>\n<p>Le syst\u00e8me de gestion de la qualit\u00e9 est compos\u00e9 de l&rsquo;ensemble des documents qui s&rsquo;inscrivent dans quatre niveaux, hi\u00e9rarchiquement distincts de la structure documentaire:<\/p>\n<ul>\n<li>Manuel de gestion de la qualit\u00e9 : d\u00e9crire l&rsquo;organisation et le syst\u00e8me de gestion de la qualit\u00e9<\/li>\n<li>Processus : D\u00e9crire l&rsquo;organisation et identifier les ressources qui transforment les entr\u00e9es en sorties<\/li>\n<li>Instructions de travail : D\u00e9crire comment effectuer les t\u00e2ches<\/li>\n<li>Documents sp\u00e9cifiques : Soutien aux activit\u00e9s du syst\u00e8me de gestion de la qualit\u00e9<\/li>\n<\/ul>\n<p>&nbsp;<\/p>\n","protected":false},"excerpt":{"rendered":"<p>Le Syst\u00e8me de qualit\u00e9 d&rsquo;Adriano Felgueiras ! Travaillant depuis plusieurs ann\u00e9es dans le secteur, Adriano Felgueiras a d\u00e9cid\u00e9, en 1997, de franchir une \u00e9tape importante [&hellip;]<\/p>\n","protected":false},"author":1,"featured_media":3062,"parent":3497,"menu_order":0,"comment_status":"closed","ping_status":"closed","template":"","meta":{"footnotes":""},"class_list":["post-3508","page","type-page","status-publish","has-post-thumbnail","hentry"],"_links":{"self":[{"href":"https:\/\/adrianofelgueiras.com\/fr\/wp-json\/wp\/v2\/pages\/3508","targetHints":{"allow":["GET"]}}],"collection":[{"href":"https:\/\/adrianofelgueiras.com\/fr\/wp-json\/wp\/v2\/pages"}],"about":[{"href":"https:\/\/adrianofelgueiras.com\/fr\/wp-json\/wp\/v2\/types\/page"}],"author":[{"embeddable":true,"href":"https:\/\/adrianofelgueiras.com\/fr\/wp-json\/wp\/v2\/users\/1"}],"replies":[{"embeddable":true,"href":"https:\/\/adrianofelgueiras.com\/fr\/wp-json\/wp\/v2\/comments?post=3508"}],"version-history":[{"count":7,"href":"https:\/\/adrianofelgueiras.com\/fr\/wp-json\/wp\/v2\/pages\/3508\/revisions"}],"predecessor-version":[{"id":3966,"href":"https:\/\/adrianofelgueiras.com\/fr\/wp-json\/wp\/v2\/pages\/3508\/revisions\/3966"}],"up":[{"embeddable":true,"href":"https:\/\/adrianofelgueiras.com\/fr\/wp-json\/wp\/v2\/pages\/3497"}],"wp:featuredmedia":[{"embeddable":true,"href":"https:\/\/adrianofelgueiras.com\/fr\/wp-json\/wp\/v2\/media\/3062"}],"wp:attachment":[{"href":"https:\/\/adrianofelgueiras.com\/fr\/wp-json\/wp\/v2\/media?parent=3508"}],"curies":[{"name":"wp","href":"https:\/\/api.w.org\/{rel}","templated":true}]}}