{"id":3509,"date":"2020-09-29T12:43:21","date_gmt":"2020-09-29T11:43:21","guid":{"rendered":"http:\/\/adrianofelgueiras.com\/?page_id=3509"},"modified":"2023-11-22T13:19:20","modified_gmt":"2023-11-22T12:19:20","slug":"politique-de-qualite","status":"publish","type":"page","link":"https:\/\/adrianofelgueiras.com\/fr\/qualite\/politique-de-qualite\/","title":{"rendered":"Politique de qualit\u00e9"},"content":{"rendered":"<h2>Adriano Felgueiras s&rsquo;est consolid\u00e9 comme une entreprise de r\u00e9f\u00e9rence dans son secteur d&rsquo;activit\u00e9.<\/h2>\n<p>La soci\u00e9t\u00e9 parie sur le d\u00e9veloppement et la croissance du march\u00e9 tout en restant attentive \u00e0 l\u2019\u00e9volution du march\u00e9 et \u00e0 ses d\u00e9fis, ainsi, la Direction se focalise sur les objectifs suivants d\u00e9terminants la strat\u00e9gie de l\u2019entreprise:<\/p>\n<ul>\n<li>Internationalisation<\/li>\n<li>Organisation interne<\/li>\n<li>Satisfaction clients<\/li>\n<\/ul>\n<p>Adriano Felgueiras s\u2019engage \u00e0 r\u00e9pondre aux exigences impos\u00e9es et \u00e0 assurer le d\u00e9veloppement continue du syst\u00e8me de gestion de la qualit\u00e9 en fournissant les moyens n\u00e9cessaires et en garantissant le suivi en mati\u00e8re de concr\u00e9tisation d\u2019objectifs.<\/p>\n<p><a class=\"button-normal\" href=\"https:\/\/adrianofelgueiras.com\/wp-content\/uploads\/2023\/11\/eic.pdf\" target=\"_blank\" rel=\"noopener noreferrer\">Afficher le certificat<\/a><\/p>\n","protected":false},"excerpt":{"rendered":"<p>Adriano Felgueiras s&rsquo;est consolid\u00e9 comme une entreprise de r\u00e9f\u00e9rence dans son secteur d&rsquo;activit\u00e9. La soci\u00e9t\u00e9 parie sur le d\u00e9veloppement et la croissance du march\u00e9 tout [&hellip;]<\/p>\n","protected":false},"author":1,"featured_media":3065,"parent":3497,"menu_order":0,"comment_status":"closed","ping_status":"closed","template":"","meta":{"footnotes":""},"class_list":["post-3509","page","type-page","status-publish","has-post-thumbnail","hentry"],"_links":{"self":[{"href":"https:\/\/adrianofelgueiras.com\/fr\/wp-json\/wp\/v2\/pages\/3509","targetHints":{"allow":["GET"]}}],"collection":[{"href":"https:\/\/adrianofelgueiras.com\/fr\/wp-json\/wp\/v2\/pages"}],"about":[{"href":"https:\/\/adrianofelgueiras.com\/fr\/wp-json\/wp\/v2\/types\/page"}],"author":[{"embeddable":true,"href":"https:\/\/adrianofelgueiras.com\/fr\/wp-json\/wp\/v2\/users\/1"}],"replies":[{"embeddable":true,"href":"https:\/\/adrianofelgueiras.com\/fr\/wp-json\/wp\/v2\/comments?post=3509"}],"version-history":[{"count":7,"href":"https:\/\/adrianofelgueiras.com\/fr\/wp-json\/wp\/v2\/pages\/3509\/revisions"}],"predecessor-version":[{"id":3972,"href":"https:\/\/adrianofelgueiras.com\/fr\/wp-json\/wp\/v2\/pages\/3509\/revisions\/3972"}],"up":[{"embeddable":true,"href":"https:\/\/adrianofelgueiras.com\/fr\/wp-json\/wp\/v2\/pages\/3497"}],"wp:featuredmedia":[{"embeddable":true,"href":"https:\/\/adrianofelgueiras.com\/fr\/wp-json\/wp\/v2\/media\/3065"}],"wp:attachment":[{"href":"https:\/\/adrianofelgueiras.com\/fr\/wp-json\/wp\/v2\/media?parent=3509"}],"curies":[{"name":"wp","href":"https:\/\/api.w.org\/{rel}","templated":true}]}}